{"id":1324,"date":"2024-11-28T08:54:02","date_gmt":"2024-11-28T08:54:02","guid":{"rendered":"https:\/\/propagri.eu\/stage-in-fattoria"},"modified":"2025-04-28T07:19:55","modified_gmt":"2025-04-28T07:19:55","slug":"stage-in-fattoria","status":"publish","type":"page","link":"https:\/\/propagri.eu\/it\/stage-in-fattoria","title":{"rendered":"Stage in fattoria"},"content":{"rendered":"\t\t<div data-elementor-type=\"wp-page\" data-elementor-id=\"1324\" class=\"elementor elementor-1324 elementor-880\" data-elementor-post-type=\"page\">\n\t\t\t\t<div class=\"elementor-element elementor-element-d0654ea e-flex e-con-boxed e-con e-parent\" data-id=\"d0654ea\" data-element_type=\"container\" data-settings=\"{&quot;background_background&quot;:&quot;classic&quot;}\">\n\t\t\t\t\t<div class=\"e-con-inner\">\n\t\t<div class=\"elementor-element elementor-element-8124bc0 e-con-full e-flex e-con e-child\" data-id=\"8124bc0\" data-element_type=\"container\">\n\t\t\t\t<div class=\"elementor-element elementor-element-83e4818 elementor-widget elementor-widget-heading\" data-id=\"83e4818\" data-element_type=\"widget\" data-widget_type=\"heading.default\">\n\t\t\t\t<div class=\"elementor-widget-container\">\n\t\t\t\t\t<h3 class=\"elementor-heading-title elementor-size-default\">Linee guida per gli agricoltori<\/h3>\t\t\t\t<\/div>\n\t\t\t\t<\/div>\n\t\t<!-- dce invisible element 3b75c06 --><div class=\"elementor-element elementor-element-a2c9e12 e-con-full e-flex e-con e-child\" data-id=\"a2c9e12\" data-element_type=\"container\">\n\t\t\t\t<div class=\"elementor-element elementor-element-3b8d804 elementor-widget__width-initial elementor-widget-mobile__width-inherit dce_masking-none elementor-widget elementor-widget-image\" data-id=\"3b8d804\" data-element_type=\"widget\" data-widget_type=\"image.default\">\n\t\t\t\t<div class=\"elementor-widget-container\">\n\t\t\t\t\t\t\t\t\t\t\t\t\t\t\t\t<a href=\"https:\/\/propagri.eu\/it\/hosting-an-internship-for-neet-youth-a-guideline-for-farms-en\" target=\"_blank\">\n\t\t\t\t\t\t\t<img fetchpriority=\"high\" decoding=\"async\" width=\"791\" height=\"1024\" src=\"https:\/\/propagri.eu\/wp-content\/uploads\/2024\/12\/HOSTING-AN-INTERNSHIP-FOR-NEET-YOUTH-A-GUIDELINE-FOR-FARMS-EN_pages-to-jpg-0001-791x1024.jpg\" class=\"elementor-animation-shrink attachment-large size-large wp-image-1087\" alt=\"\" srcset=\"https:\/\/propagri.eu\/wp-content\/uploads\/2024\/12\/HOSTING-AN-INTERNSHIP-FOR-NEET-YOUTH-A-GUIDELINE-FOR-FARMS-EN_pages-to-jpg-0001-791x1024.jpg 791w, https:\/\/propagri.eu\/wp-content\/uploads\/2024\/12\/HOSTING-AN-INTERNSHIP-FOR-NEET-YOUTH-A-GUIDELINE-FOR-FARMS-EN_pages-to-jpg-0001-232x300.jpg 232w, https:\/\/propagri.eu\/wp-content\/uploads\/2024\/12\/HOSTING-AN-INTERNSHIP-FOR-NEET-YOUTH-A-GUIDELINE-FOR-FARMS-EN_pages-to-jpg-0001-768x994.jpg 768w, https:\/\/propagri.eu\/wp-content\/uploads\/2024\/12\/HOSTING-AN-INTERNSHIP-FOR-NEET-YOUTH-A-GUIDELINE-FOR-FARMS-EN_pages-to-jpg-0001-1187x1536.jpg 1187w, https:\/\/propagri.eu\/wp-content\/uploads\/2024\/12\/HOSTING-AN-INTERNSHIP-FOR-NEET-YOUTH-A-GUIDELINE-FOR-FARMS-EN_pages-to-jpg-0001.jpg 1275w\" sizes=\"(max-width: 791px) 100vw, 791px\" \/>\t\t\t\t\t\t\t\t<\/a>\n\t\t\t\t\t\t\t\t\t\t\t\t\t\t\t<\/div>\n\t\t\t\t<\/div>\n\t\t<div class=\"elementor-element elementor-element-682fbfe e-con-full e-flex e-con e-child\" data-id=\"682fbfe\" data-element_type=\"container\">\n\t\t\t\t<div class=\"elementor-element elementor-element-3fef3cd elementor-widget elementor-widget-heading\" data-id=\"3fef3cd\" data-element_type=\"widget\" data-widget_type=\"heading.default\">\n\t\t\t\t<div class=\"elementor-widget-container\">\n\t\t\t\t\t<h4 class=\"elementor-heading-title elementor-size-default\">Ospitare un tirocinio per giovani neet - Una linea guida per le aziende agricole<\/h4>\t\t\t\t<\/div>\n\t\t\t\t<\/div>\n\t\t\t\t<div class=\"elementor-element elementor-element-031f42a elementor-widget elementor-widget-text-editor\" data-id=\"031f42a\" data-element_type=\"widget\" data-widget_type=\"text-editor.default\">\n\t\t\t\t<div class=\"elementor-widget-container\">\n\t\t\t\t\t\t\t\t\t<p><span style=\"font-weight: 400;\">Le informazioni per questa linea guida sono state raccolte da diverse fonti. Innanzitutto, \u00e8 stata condotta una revisione completa della letteratura per fornire un&#8217;introduzione di base al tema dell&#8217;agricoltura sociale e per conoscere meglio il gruppo target dei giovani NEET.<\/span><\/p>\t\t\t\t\t\t\t\t<\/div>\n\t\t\t\t<\/div>\n\t\t\t\t<div class=\"elementor-element elementor-element-4f07cae elementor-mobile-align-center elementor-widget elementor-widget-button\" data-id=\"4f07cae\" data-element_type=\"widget\" data-widget_type=\"button.default\">\n\t\t\t\t<div class=\"elementor-widget-container\">\n\t\t\t\t\t\t\t\t\t<div class=\"elementor-button-wrapper\">\n\t\t\t\t\t<a class=\"elementor-button elementor-button-link elementor-size-sm\" href=\"https:\/\/propagri.eu\/it\/hosting-an-internship-for-neet-youth-a-guideline-for-farms-en\" target=\"_blank\">\n\t\t\t\t\t\t<span class=\"elementor-button-content-wrapper\">\n\t\t\t\t\t\t\t\t\t<span class=\"elementor-button-text\">Scarica il PDF<\/span>\n\t\t\t\t\t<\/span>\n\t\t\t\t\t<\/a>\n\t\t\t\t<\/div>\n\t\t\t\t\t\t\t\t<\/div>\n\t\t\t\t<\/div>\n\t\t\t\t<\/div>\n\t\t\t\t<\/div>\n\t\t<div class=\"elementor-element elementor-element-39682fd e-con-full e-flex e-con e-child\" data-id=\"39682fd\" data-element_type=\"container\" data-settings=\"{&quot;enabled_visibility&quot;:&quot;yes&quot;,&quot;dce_visibility_selected&quot;:&quot;yes&quot;}\">\n\t\t\t\t<div class=\"elementor-element elementor-element-92a8c0d elementor-widget__width-initial elementor-widget-mobile__width-inherit dce_masking-none elementor-widget elementor-widget-image\" data-id=\"92a8c0d\" data-element_type=\"widget\" data-widget_type=\"image.default\">\n\t\t\t\t<div class=\"elementor-widget-container\">\n\t\t\t\t\t\t\t\t\t\t\t\t\t\t\t\t<a href=\"https:\/\/propagri.eu\/it\/it-a-brief-guide-for-internship-supervisors\" target=\"_blank\">\n\t\t\t\t\t\t\t<img decoding=\"async\" width=\"791\" height=\"1024\" src=\"https:\/\/propagri.eu\/wp-content\/uploads\/2025\/03\/IT-A-brief-guide-for-internship-supervisors-page1-791x1024.png\" class=\"elementor-animation-shrink attachment-large size-large wp-image-1318\" alt=\"\" srcset=\"https:\/\/propagri.eu\/wp-content\/uploads\/2025\/03\/IT-A-brief-guide-for-internship-supervisors-page1-791x1024.png 791w, https:\/\/propagri.eu\/wp-content\/uploads\/2025\/03\/IT-A-brief-guide-for-internship-supervisors-page1-232x300.png 232w, https:\/\/propagri.eu\/wp-content\/uploads\/2025\/03\/IT-A-brief-guide-for-internship-supervisors-page1-768x994.png 768w, https:\/\/propagri.eu\/wp-content\/uploads\/2025\/03\/IT-A-brief-guide-for-internship-supervisors-page1-1187x1536.png 1187w, https:\/\/propagri.eu\/wp-content\/uploads\/2025\/03\/IT-A-brief-guide-for-internship-supervisors-page1.png 1275w\" sizes=\"(max-width: 791px) 100vw, 791px\" \/>\t\t\t\t\t\t\t\t<\/a>\n\t\t\t\t\t\t\t\t\t\t\t\t\t\t\t<\/div>\n\t\t\t\t<\/div>\n\t\t<div class=\"elementor-element elementor-element-975ad87 e-con-full e-flex e-con e-child\" data-id=\"975ad87\" data-element_type=\"container\">\n\t\t\t\t<div class=\"elementor-element elementor-element-70d758e elementor-widget elementor-widget-heading\" data-id=\"70d758e\" data-element_type=\"widget\" data-widget_type=\"heading.default\">\n\t\t\t\t<div class=\"elementor-widget-container\">\n\t\t\t\t\t<h4 class=\"elementor-heading-title elementor-size-default\">Una breve guida per i supervisori di stage<\/h4>\t\t\t\t<\/div>\n\t\t\t\t<\/div>\n\t\t\t\t<div class=\"elementor-element elementor-element-edd5ea1 elementor-widget elementor-widget-text-editor\" data-id=\"edd5ea1\" data-element_type=\"widget\" data-widget_type=\"text-editor.default\">\n\t\t\t\t<div class=\"elementor-widget-container\">\n\t\t\t\t\t\t\t\t\t<p>L&#8217;obiettivo di questa guida \u00e8 quello di fornirvi alcune nozioni di base, per aiutarvi a sfruttare al meglio il vostro inserimento. Ogni stage \u00e8 diverso come ogni azienda, stagista e tutor, quindi non esitate a prendere ci\u00f2 che vi interessa e a mettere da parte il resto. <\/p>\t\t\t\t\t\t\t\t<\/div>\n\t\t\t\t<\/div>\n\t\t\t\t<div class=\"elementor-element elementor-element-647bcbf elementor-mobile-align-center elementor-widget elementor-widget-button\" data-id=\"647bcbf\" data-element_type=\"widget\" data-widget_type=\"button.default\">\n\t\t\t\t<div class=\"elementor-widget-container\">\n\t\t\t\t\t\t\t\t\t<div class=\"elementor-button-wrapper\">\n\t\t\t\t\t<a class=\"elementor-button elementor-button-link elementor-size-sm\" href=\"https:\/\/propagri.eu\/it\/it-a-brief-guide-for-internship-supervisors\" target=\"_blank\">\n\t\t\t\t\t\t<span class=\"elementor-button-content-wrapper\">\n\t\t\t\t\t\t\t\t\t<span class=\"elementor-button-text\">Scarica il PDF<\/span>\n\t\t\t\t\t<\/span>\n\t\t\t\t\t<\/a>\n\t\t\t\t<\/div>\n\t\t\t\t\t\t\t\t<\/div>\n\t\t\t\t<\/div>\n\t\t\t\t<\/div>\n\t\t\t\t<\/div>\n\t\t\t\t<\/div>\n\t\t<div class=\"elementor-element elementor-element-775377d e-con-full e-flex e-con e-child\" data-id=\"775377d\" data-element_type=\"container\">\n\t\t\t\t<div class=\"elementor-element elementor-element-433c33f elementor-widget elementor-widget-heading\" data-id=\"433c33f\" data-element_type=\"widget\" data-widget_type=\"heading.default\">\n\t\t\t\t<div class=\"elementor-widget-container\">\n\t\t\t\t\t<h3 class=\"elementor-heading-title elementor-size-default\">Linee guida per gli studenti<\/h3>\t\t\t\t<\/div>\n\t\t\t\t<\/div>\n\t\t<div class=\"elementor-element elementor-element-5864f6b e-con-full e-flex e-con e-child\" data-id=\"5864f6b\" data-element_type=\"container\">\n\t\t\t\t<div class=\"elementor-element elementor-element-d15f46a elementor-widget__width-initial elementor-widget-mobile__width-inherit dce_masking-none elementor-widget elementor-widget-image\" data-id=\"d15f46a\" data-element_type=\"widget\" data-widget_type=\"image.default\">\n\t\t\t\t<div class=\"elementor-widget-container\">\n\t\t\t\t\t\t\t\t\t\t\t\t\t\t\t\t<a href=\"https:\/\/propagri.eu\/it\/the-internship\" target=\"_blank\">\n\t\t\t\t\t\t\t<img decoding=\"async\" width=\"800\" height=\"450\" src=\"https:\/\/propagri.eu\/wp-content\/uploads\/2024\/12\/the-internship-01-1024x576.jpg\" class=\"elementor-animation-shrink attachment-large size-large wp-image-997\" alt=\"\" srcset=\"https:\/\/propagri.eu\/wp-content\/uploads\/2024\/12\/the-internship-01-1024x576.jpg 1024w, https:\/\/propagri.eu\/wp-content\/uploads\/2024\/12\/the-internship-01-300x169.jpg 300w, https:\/\/propagri.eu\/wp-content\/uploads\/2024\/12\/the-internship-01-768x432.jpg 768w, https:\/\/propagri.eu\/wp-content\/uploads\/2024\/12\/the-internship-01.jpg 1280w\" sizes=\"(max-width: 800px) 100vw, 800px\" \/>\t\t\t\t\t\t\t\t<\/a>\n\t\t\t\t\t\t\t\t\t\t\t\t\t\t\t<\/div>\n\t\t\t\t<\/div>\n\t\t<div class=\"elementor-element elementor-element-5d31a9a e-con-full e-flex e-con e-child\" data-id=\"5d31a9a\" data-element_type=\"container\">\n\t\t\t\t<div class=\"elementor-element elementor-element-0b96950 elementor-widget elementor-widget-heading\" data-id=\"0b96950\" data-element_type=\"widget\" data-widget_type=\"heading.default\">\n\t\t\t\t<div class=\"elementor-widget-container\">\n\t\t\t\t\t<h4 class=\"elementor-heading-title elementor-size-default\">Il tirocinio<\/h4>\t\t\t\t<\/div>\n\t\t\t\t<\/div>\n\t\t\t\t<div class=\"elementor-element elementor-element-b49459c elementor-widget elementor-widget-text-editor\" data-id=\"b49459c\" data-element_type=\"widget\" data-widget_type=\"text-editor.default\">\n\t\t\t\t<div class=\"elementor-widget-container\">\n\t\t\t\t\t\t\t\t\t<p><span style=\"font-weight: 400;\">Durante il tirocinio, dovrete soprattutto comportarvi in modo rispettoso e professionale. <\/span><span style=\"font-weight: 400;\">Il vostro supervisore di stage \u00e8 disposto a rinunciare al suo tempo, a volte molto prezioso, e alle sue energie per accogliervi, aiutarvi a scoprire il suo mondo e darvi la migliore formazione possibile. <\/span><\/p>\t\t\t\t\t\t\t\t<\/div>\n\t\t\t\t<\/div>\n\t\t\t\t<div class=\"elementor-element elementor-element-6564f3b elementor-mobile-align-center elementor-widget elementor-widget-button\" data-id=\"6564f3b\" data-element_type=\"widget\" data-widget_type=\"button.default\">\n\t\t\t\t<div class=\"elementor-widget-container\">\n\t\t\t\t\t\t\t\t\t<div class=\"elementor-button-wrapper\">\n\t\t\t\t\t<a class=\"elementor-button elementor-button-link elementor-size-sm\" href=\"https:\/\/propagri.eu\/it\/the-internship\" target=\"_blank\">\n\t\t\t\t\t\t<span class=\"elementor-button-content-wrapper\">\n\t\t\t\t\t\t\t\t\t<span class=\"elementor-button-text\">Scarica il PPT<\/span>\n\t\t\t\t\t<\/span>\n\t\t\t\t\t<\/a>\n\t\t\t\t<\/div>\n\t\t\t\t\t\t\t\t<\/div>\n\t\t\t\t<\/div>\n\t\t\t\t<\/div>\n\t\t\t\t<\/div>\n\t\t\t\t<\/div>\n\t\t\t\t\t<\/div>\n\t\t\t\t<\/div>\n\t\t\t\t<\/div>\n\t\t","protected":false},"excerpt":{"rendered":"<p>Linee guida per gli agricoltori Guidelines on internships The &#8220;Guideline on Internships&#8221; serves as a comprehensive guide outlining the legal regulations and procedures for implementing small internships. This document is a part of Project Result 3 (PR3), which aims to develop practical guidelines for creating safe, inclusive and educational internships tailored to the needs of [&hellip;]<\/p>\n","protected":false},"author":1,"featured_media":0,"parent":0,"menu_order":0,"comment_status":"closed","ping_status":"closed","template":"elementor_header_footer","meta":{"footnotes":""},"class_list":["post-1324","page","type-page","status-publish","hentry"],"yoast_head":"<!-- This site is optimized with the Yoast SEO plugin v25.0 - https:\/\/yoast.com\/wordpress\/plugins\/seo\/ -->\n<title>Stage in fattoria - PROPAGRI<\/title>\n<meta name=\"robots\" content=\"index, follow, max-snippet:-1, max-image-preview:large, max-video-preview:-1\" \/>\n<link rel=\"canonical\" href=\"https:\/\/propagri.eu\/farm-internships\" \/>\n<meta property=\"og:locale\" content=\"it_IT\" \/>\n<meta property=\"og:type\" content=\"article\" \/>\n<meta property=\"og:title\" content=\"Stage in fattoria - PROPAGRI\" \/>\n<meta property=\"og:description\" content=\"Linee guida per gli agricoltori Guidelines on internships The &#8220;Guideline on Internships&#8221; serves as a comprehensive guide outlining the legal regulations and procedures for implementing small internships. This document is a part of Project Result 3 (PR3), which aims to develop practical guidelines for creating safe, inclusive and educational internships tailored to the needs of [&hellip;]\" \/>\n<meta property=\"og:url\" content=\"https:\/\/propagri.eu\/farm-internships\" \/>\n<meta property=\"og:site_name\" content=\"PROPAGRI\" \/>\n<meta property=\"article:modified_time\" content=\"2025-04-28T07:19:55+00:00\" \/>\n<meta property=\"og:image\" content=\"https:\/\/propagri.eu\/wp-content\/uploads\/2024\/12\/GUIDELINE-ON-INTERNSHIPS.docx_page-0001.jpg\" \/>\n\t<meta property=\"og:image:width\" content=\"1275\" \/>\n\t<meta property=\"og:image:height\" content=\"1650\" \/>\n\t<meta property=\"og:image:type\" content=\"image\/jpeg\" \/>\n<meta name=\"twitter:card\" content=\"summary_large_image\" \/>\n<meta name=\"twitter:label1\" content=\"Tempo di lettura stimato\" \/>\n\t<meta name=\"twitter:data1\" content=\"1 minuto\" \/>\n<script type=\"application\/ld+json\" class=\"yoast-schema-graph\">{\"@context\":\"https:\/\/schema.org\",\"@graph\":[{\"@type\":\"WebPage\",\"@id\":\"https:\/\/propagri.eu\/farm-internships\",\"url\":\"https:\/\/propagri.eu\/farm-internships\",\"name\":\"Stage in fattoria - PROPAGRI\",\"isPartOf\":{\"@id\":\"https:\/\/propagri.eu\/fr\/#website\"},\"primaryImageOfPage\":{\"@id\":\"https:\/\/propagri.eu\/farm-internships#primaryimage\"},\"image\":{\"@id\":\"https:\/\/propagri.eu\/farm-internships#primaryimage\"},\"thumbnailUrl\":\"https:\/\/propagri.eu\/wp-content\/uploads\/2024\/12\/GUIDELINE-ON-INTERNSHIPS.docx_page-0001-791x1024.jpg\",\"datePublished\":\"2024-11-28T08:54:02+00:00\",\"dateModified\":\"2025-04-28T07:19:55+00:00\",\"breadcrumb\":{\"@id\":\"https:\/\/propagri.eu\/farm-internships#breadcrumb\"},\"inLanguage\":\"it-IT\",\"potentialAction\":[{\"@type\":\"ReadAction\",\"target\":[\"https:\/\/propagri.eu\/farm-internships\"]}]},{\"@type\":\"ImageObject\",\"inLanguage\":\"it-IT\",\"@id\":\"https:\/\/propagri.eu\/farm-internships#primaryimage\",\"url\":\"https:\/\/propagri.eu\/wp-content\/uploads\/2024\/12\/GUIDELINE-ON-INTERNSHIPS.docx_page-0001-791x1024.jpg\",\"contentUrl\":\"https:\/\/propagri.eu\/wp-content\/uploads\/2024\/12\/GUIDELINE-ON-INTERNSHIPS.docx_page-0001-791x1024.jpg\"},{\"@type\":\"BreadcrumbList\",\"@id\":\"https:\/\/propagri.eu\/farm-internships#breadcrumb\",\"itemListElement\":[{\"@type\":\"ListItem\",\"position\":1,\"name\":\"Home\",\"item\":\"https:\/\/propagri.eu\/it\/home\"},{\"@type\":\"ListItem\",\"position\":2,\"name\":\"Stage in fattoria\"}]},{\"@type\":\"WebSite\",\"@id\":\"https:\/\/propagri.eu\/fr\/#website\",\"url\":\"https:\/\/propagri.eu\/fr\/\",\"name\":\"PROPAGRI\",\"description\":\"\",\"publisher\":{\"@id\":\"https:\/\/propagri.eu\/fr\/#organization\"},\"potentialAction\":[{\"@type\":\"SearchAction\",\"target\":{\"@type\":\"EntryPoint\",\"urlTemplate\":\"https:\/\/propagri.eu\/fr\/?s={search_term_string}\"},\"query-input\":{\"@type\":\"PropertyValueSpecification\",\"valueRequired\":true,\"valueName\":\"search_term_string\"}}],\"inLanguage\":\"it-IT\"},{\"@type\":\"Organization\",\"@id\":\"https:\/\/propagri.eu\/fr\/#organization\",\"name\":\"PROPAGRI\",\"url\":\"https:\/\/propagri.eu\/fr\/\",\"logo\":{\"@type\":\"ImageObject\",\"inLanguage\":\"it-IT\",\"@id\":\"https:\/\/propagri.eu\/fr\/#\/schema\/logo\/image\/\",\"url\":\"https:\/\/propagri.eu\/wp-content\/uploads\/2023\/02\/PROPAGRI-logo.png\",\"contentUrl\":\"https:\/\/propagri.eu\/wp-content\/uploads\/2023\/02\/PROPAGRI-logo.png\",\"width\":1239,\"height\":305,\"caption\":\"PROPAGRI\"},\"image\":{\"@id\":\"https:\/\/propagri.eu\/fr\/#\/schema\/logo\/image\/\"}}]}<\/script>\n<!-- \/ Yoast SEO plugin. -->","yoast_head_json":{"title":"Stage in fattoria - PROPAGRI","robots":{"index":"index","follow":"follow","max-snippet":"max-snippet:-1","max-image-preview":"max-image-preview:large","max-video-preview":"max-video-preview:-1"},"canonical":"https:\/\/propagri.eu\/farm-internships","og_locale":"it_IT","og_type":"article","og_title":"Stage in fattoria - PROPAGRI","og_description":"Linee guida per gli agricoltori Guidelines on internships The &#8220;Guideline on Internships&#8221; serves as a comprehensive guide outlining the legal regulations and procedures for implementing small internships. This document is a part of Project Result 3 (PR3), which aims to develop practical guidelines for creating safe, inclusive and educational internships tailored to the needs of [&hellip;]","og_url":"https:\/\/propagri.eu\/farm-internships","og_site_name":"PROPAGRI","article_modified_time":"2025-04-28T07:19:55+00:00","og_image":[{"width":1275,"height":1650,"url":"https:\/\/propagri.eu\/wp-content\/uploads\/2024\/12\/GUIDELINE-ON-INTERNSHIPS.docx_page-0001.jpg","type":"image\/jpeg"}],"twitter_card":"summary_large_image","twitter_misc":{"Tempo di lettura stimato":"1 minuto"},"schema":{"@context":"https:\/\/schema.org","@graph":[{"@type":"WebPage","@id":"https:\/\/propagri.eu\/farm-internships","url":"https:\/\/propagri.eu\/farm-internships","name":"Stage in fattoria - PROPAGRI","isPartOf":{"@id":"https:\/\/propagri.eu\/fr\/#website"},"primaryImageOfPage":{"@id":"https:\/\/propagri.eu\/farm-internships#primaryimage"},"image":{"@id":"https:\/\/propagri.eu\/farm-internships#primaryimage"},"thumbnailUrl":"https:\/\/propagri.eu\/wp-content\/uploads\/2024\/12\/GUIDELINE-ON-INTERNSHIPS.docx_page-0001-791x1024.jpg","datePublished":"2024-11-28T08:54:02+00:00","dateModified":"2025-04-28T07:19:55+00:00","breadcrumb":{"@id":"https:\/\/propagri.eu\/farm-internships#breadcrumb"},"inLanguage":"it-IT","potentialAction":[{"@type":"ReadAction","target":["https:\/\/propagri.eu\/farm-internships"]}]},{"@type":"ImageObject","inLanguage":"it-IT","@id":"https:\/\/propagri.eu\/farm-internships#primaryimage","url":"https:\/\/propagri.eu\/wp-content\/uploads\/2024\/12\/GUIDELINE-ON-INTERNSHIPS.docx_page-0001-791x1024.jpg","contentUrl":"https:\/\/propagri.eu\/wp-content\/uploads\/2024\/12\/GUIDELINE-ON-INTERNSHIPS.docx_page-0001-791x1024.jpg"},{"@type":"BreadcrumbList","@id":"https:\/\/propagri.eu\/farm-internships#breadcrumb","itemListElement":[{"@type":"ListItem","position":1,"name":"Home","item":"https:\/\/propagri.eu\/it\/home"},{"@type":"ListItem","position":2,"name":"Stage in fattoria"}]},{"@type":"WebSite","@id":"https:\/\/propagri.eu\/fr\/#website","url":"https:\/\/propagri.eu\/fr\/","name":"PROPAGRI","description":"","publisher":{"@id":"https:\/\/propagri.eu\/fr\/#organization"},"potentialAction":[{"@type":"SearchAction","target":{"@type":"EntryPoint","urlTemplate":"https:\/\/propagri.eu\/fr\/?s={search_term_string}"},"query-input":{"@type":"PropertyValueSpecification","valueRequired":true,"valueName":"search_term_string"}}],"inLanguage":"it-IT"},{"@type":"Organization","@id":"https:\/\/propagri.eu\/fr\/#organization","name":"PROPAGRI","url":"https:\/\/propagri.eu\/fr\/","logo":{"@type":"ImageObject","inLanguage":"it-IT","@id":"https:\/\/propagri.eu\/fr\/#\/schema\/logo\/image\/","url":"https:\/\/propagri.eu\/wp-content\/uploads\/2023\/02\/PROPAGRI-logo.png","contentUrl":"https:\/\/propagri.eu\/wp-content\/uploads\/2023\/02\/PROPAGRI-logo.png","width":1239,"height":305,"caption":"PROPAGRI"},"image":{"@id":"https:\/\/propagri.eu\/fr\/#\/schema\/logo\/image\/"}}]}},"_links":{"self":[{"href":"https:\/\/propagri.eu\/it\/wp-json\/wp\/v2\/pages\/1324","targetHints":{"allow":["GET"]}}],"collection":[{"href":"https:\/\/propagri.eu\/it\/wp-json\/wp\/v2\/pages"}],"about":[{"href":"https:\/\/propagri.eu\/it\/wp-json\/wp\/v2\/types\/page"}],"author":[{"embeddable":true,"href":"https:\/\/propagri.eu\/it\/wp-json\/wp\/v2\/users\/1"}],"replies":[{"embeddable":true,"href":"https:\/\/propagri.eu\/it\/wp-json\/wp\/v2\/comments?post=1324"}],"version-history":[{"count":3,"href":"https:\/\/propagri.eu\/it\/wp-json\/wp\/v2\/pages\/1324\/revisions"}],"predecessor-version":[{"id":1368,"href":"https:\/\/propagri.eu\/it\/wp-json\/wp\/v2\/pages\/1324\/revisions\/1368"}],"wp:attachment":[{"href":"https:\/\/propagri.eu\/it\/wp-json\/wp\/v2\/media?parent=1324"}],"curies":[{"name":"wp","href":"https:\/\/api.w.org\/{rel}","templated":true}]}}