{"id":1244,"date":"2024-11-28T08:54:02","date_gmt":"2024-11-28T08:54:02","guid":{"rendered":"https:\/\/propagri.eu\/stages-a-la-ferme"},"modified":"2025-04-28T07:19:54","modified_gmt":"2025-04-28T07:19:54","slug":"stages-a-la-ferme","status":"publish","type":"page","link":"https:\/\/propagri.eu\/fr\/stages-a-la-ferme","title":{"rendered":"Stages \u00e0 la ferme"},"content":{"rendered":"\t\t<div data-elementor-type=\"wp-page\" data-elementor-id=\"1244\" class=\"elementor elementor-1244 elementor-880\" data-elementor-post-type=\"page\">\n\t\t\t\t<div class=\"elementor-element elementor-element-d0654ea e-flex e-con-boxed e-con e-parent\" data-id=\"d0654ea\" data-element_type=\"container\" data-settings=\"{&quot;background_background&quot;:&quot;classic&quot;}\">\n\t\t\t\t\t<div class=\"e-con-inner\">\n\t\t<div class=\"elementor-element elementor-element-8124bc0 e-con-full e-flex e-con e-child\" data-id=\"8124bc0\" data-element_type=\"container\">\n\t\t\t\t<div class=\"elementor-element elementor-element-83e4818 elementor-widget elementor-widget-heading\" data-id=\"83e4818\" data-element_type=\"widget\" data-widget_type=\"heading.default\">\n\t\t\t\t<div class=\"elementor-widget-container\">\n\t\t\t\t\t<h3 class=\"elementor-heading-title elementor-size-default\">Guide de l'agriculteur<\/h3>\t\t\t\t<\/div>\n\t\t\t\t<\/div>\n\t\t<div class=\"elementor-element elementor-element-3b75c06 e-con-full e-flex e-con e-child\" data-id=\"3b75c06\" data-element_type=\"container\" data-settings=\"{&quot;enabled_visibility&quot;:&quot;yes&quot;,&quot;dce_visibility_selected&quot;:&quot;hide&quot;}\">\n\t\t\t\t<div class=\"elementor-element elementor-element-9c5b190 elementor-widget__width-initial elementor-widget-mobile__width-inherit dce_masking-none elementor-widget elementor-widget-image\" data-id=\"9c5b190\" data-element_type=\"widget\" data-widget_type=\"image.default\">\n\t\t\t\t<div class=\"elementor-widget-container\">\n\t\t\t\t\t\t\t\t\t\t\t\t\t\t\t\t<a href=\"https:\/\/propagri.eu\/fr\/guideline-on-internships-docx\" target=\"_blank\">\n\t\t\t\t\t\t\t<img fetchpriority=\"high\" decoding=\"async\" width=\"791\" height=\"1024\" src=\"https:\/\/propagri.eu\/wp-content\/uploads\/2024\/12\/GUIDELINE-ON-INTERNSHIPS.docx_page-0001-791x1024.jpg\" class=\"elementor-animation-shrink attachment-large size-large wp-image-1224\" alt=\"\" srcset=\"https:\/\/propagri.eu\/wp-content\/uploads\/2024\/12\/GUIDELINE-ON-INTERNSHIPS.docx_page-0001-791x1024.jpg 791w, https:\/\/propagri.eu\/wp-content\/uploads\/2024\/12\/GUIDELINE-ON-INTERNSHIPS.docx_page-0001-232x300.jpg 232w, https:\/\/propagri.eu\/wp-content\/uploads\/2024\/12\/GUIDELINE-ON-INTERNSHIPS.docx_page-0001-768x994.jpg 768w, https:\/\/propagri.eu\/wp-content\/uploads\/2024\/12\/GUIDELINE-ON-INTERNSHIPS.docx_page-0001-1187x1536.jpg 1187w, https:\/\/propagri.eu\/wp-content\/uploads\/2024\/12\/GUIDELINE-ON-INTERNSHIPS.docx_page-0001.jpg 1275w\" sizes=\"(max-width: 791px) 100vw, 791px\" \/>\t\t\t\t\t\t\t\t<\/a>\n\t\t\t\t\t\t\t\t\t\t\t\t\t\t\t<\/div>\n\t\t\t\t<\/div>\n\t\t<div class=\"elementor-element elementor-element-2914c71 e-con-full e-flex e-con e-child\" data-id=\"2914c71\" data-element_type=\"container\">\n\t\t\t\t<div class=\"elementor-element elementor-element-906b264 elementor-widget elementor-widget-heading\" data-id=\"906b264\" data-element_type=\"widget\" data-widget_type=\"heading.default\">\n\t\t\t\t<div class=\"elementor-widget-container\">\n\t\t\t\t\t<h4 class=\"elementor-heading-title elementor-size-default\">Guide des reglementations pour les stages<\/h4>\t\t\t\t<\/div>\n\t\t\t\t<\/div>\n\t\t\t\t<div class=\"elementor-element elementor-element-1d86454 elementor-widget elementor-widget-text-editor\" data-id=\"1d86454\" data-element_type=\"widget\" data-widget_type=\"text-editor.default\">\n\t\t\t\t<div class=\"elementor-widget-container\">\n\t\t\t\t\t\t\t\t\t<p><span style=\"font-weight: 400;\">La \u00ab Ligne directrice sur les stages \u00bb est un guide complet d\u00e9crivant les r\u00e9glementations l\u00e9gales et les proc\u00e9dures pour la mise en \u0153uvre de petits stages. Ce document fait partie du projet Result 3 (PR3), qui vise \u00e0 d\u00e9velopper des lignes directrices pratiques pour cr\u00e9er des stages s\u00fbrs, inclusifs et \u00e9ducatifs, adapt\u00e9s aux besoins des jeunes, des animateurs de jeunesse et des agriculteurs. <\/span><\/p>\t\t\t\t\t\t\t\t<\/div>\n\t\t\t\t<\/div>\n\t\t\t\t<div class=\"elementor-element elementor-element-d5fc6c4 elementor-mobile-align-center elementor-widget elementor-widget-button\" data-id=\"d5fc6c4\" data-element_type=\"widget\" data-widget_type=\"button.default\">\n\t\t\t\t<div class=\"elementor-widget-container\">\n\t\t\t\t\t\t\t\t\t<div class=\"elementor-button-wrapper\">\n\t\t\t\t\t<a class=\"elementor-button elementor-button-link elementor-size-sm\" href=\"https:\/\/propagri.eu\/fr\/guideline-on-internships-docx\" target=\"_blank\">\n\t\t\t\t\t\t<span class=\"elementor-button-content-wrapper\">\n\t\t\t\t\t\t\t\t\t<span class=\"elementor-button-text\">Consulter le PDF<\/span>\n\t\t\t\t\t<\/span>\n\t\t\t\t\t<\/a>\n\t\t\t\t<\/div>\n\t\t\t\t\t\t\t\t<\/div>\n\t\t\t\t<\/div>\n\t\t\t\t<\/div>\n\t\t\t\t<\/div>\n\t\t<div class=\"elementor-element elementor-element-a2c9e12 e-con-full e-flex e-con e-child\" data-id=\"a2c9e12\" data-element_type=\"container\">\n\t\t\t\t<div class=\"elementor-element elementor-element-3b8d804 elementor-widget__width-initial elementor-widget-mobile__width-inherit dce_masking-none elementor-widget elementor-widget-image\" data-id=\"3b8d804\" data-element_type=\"widget\" data-widget_type=\"image.default\">\n\t\t\t\t<div class=\"elementor-widget-container\">\n\t\t\t\t\t\t\t\t\t\t\t\t\t\t\t\t<a href=\"https:\/\/propagri.eu\/fr\/hosting-an-internship-for-neet-youth-a-guideline-for-farms-en\" target=\"_blank\">\n\t\t\t\t\t\t\t<img decoding=\"async\" width=\"791\" height=\"1024\" src=\"https:\/\/propagri.eu\/wp-content\/uploads\/2024\/12\/HOSTING-AN-INTERNSHIP-FOR-NEET-YOUTH-A-GUIDELINE-FOR-FARMS-EN_pages-to-jpg-0001-791x1024.jpg\" class=\"elementor-animation-shrink attachment-large size-large wp-image-1085\" alt=\"\" srcset=\"https:\/\/propagri.eu\/wp-content\/uploads\/2024\/12\/HOSTING-AN-INTERNSHIP-FOR-NEET-YOUTH-A-GUIDELINE-FOR-FARMS-EN_pages-to-jpg-0001-791x1024.jpg 791w, https:\/\/propagri.eu\/wp-content\/uploads\/2024\/12\/HOSTING-AN-INTERNSHIP-FOR-NEET-YOUTH-A-GUIDELINE-FOR-FARMS-EN_pages-to-jpg-0001-232x300.jpg 232w, https:\/\/propagri.eu\/wp-content\/uploads\/2024\/12\/HOSTING-AN-INTERNSHIP-FOR-NEET-YOUTH-A-GUIDELINE-FOR-FARMS-EN_pages-to-jpg-0001-768x994.jpg 768w, https:\/\/propagri.eu\/wp-content\/uploads\/2024\/12\/HOSTING-AN-INTERNSHIP-FOR-NEET-YOUTH-A-GUIDELINE-FOR-FARMS-EN_pages-to-jpg-0001-1187x1536.jpg 1187w, https:\/\/propagri.eu\/wp-content\/uploads\/2024\/12\/HOSTING-AN-INTERNSHIP-FOR-NEET-YOUTH-A-GUIDELINE-FOR-FARMS-EN_pages-to-jpg-0001.jpg 1275w\" sizes=\"(max-width: 791px) 100vw, 791px\" \/>\t\t\t\t\t\t\t\t<\/a>\n\t\t\t\t\t\t\t\t\t\t\t\t\t\t\t<\/div>\n\t\t\t\t<\/div>\n\t\t<div class=\"elementor-element elementor-element-682fbfe e-con-full e-flex e-con e-child\" data-id=\"682fbfe\" data-element_type=\"container\">\n\t\t\t\t<div class=\"elementor-element elementor-element-3fef3cd elementor-widget elementor-widget-heading\" data-id=\"3fef3cd\" data-element_type=\"widget\" data-widget_type=\"heading.default\">\n\t\t\t\t<div class=\"elementor-widget-container\">\n\t\t\t\t\t<h4 class=\"elementor-heading-title elementor-size-default\">Accueillir un jeune en stage - Un guide pour les exploitations agricoles<\/h4>\t\t\t\t<\/div>\n\t\t\t\t<\/div>\n\t\t\t\t<div class=\"elementor-element elementor-element-031f42a elementor-widget elementor-widget-text-editor\" data-id=\"031f42a\" data-element_type=\"widget\" data-widget_type=\"text-editor.default\">\n\t\t\t\t<div class=\"elementor-widget-container\">\n\t\t\t\t\t\t\t\t\t<p><span style=\"font-weight: 400;\">Le projet vise \u00e0 r\u00e9pondre aux besoins des jeunes NEET (Not in Employment, Education or Training) en les reconnectant avec le monde professionnel o\u00f9 ils peuvent d\u00e9velopper leurs connaissances et prendre confiance en eux dans un environnement s\u00fbr et accueillant.<\/span><\/p>\t\t\t\t\t\t\t\t<\/div>\n\t\t\t\t<\/div>\n\t\t\t\t<div class=\"elementor-element elementor-element-4f07cae elementor-mobile-align-center elementor-widget elementor-widget-button\" data-id=\"4f07cae\" data-element_type=\"widget\" data-widget_type=\"button.default\">\n\t\t\t\t<div class=\"elementor-widget-container\">\n\t\t\t\t\t\t\t\t\t<div class=\"elementor-button-wrapper\">\n\t\t\t\t\t<a class=\"elementor-button elementor-button-link elementor-size-sm\" href=\"https:\/\/propagri.eu\/fr\/hosting-an-internship-for-neet-youth-a-guideline-for-farms-en\" target=\"_blank\">\n\t\t\t\t\t\t<span class=\"elementor-button-content-wrapper\">\n\t\t\t\t\t\t\t\t\t<span class=\"elementor-button-text\">Consulter le PDF<\/span>\n\t\t\t\t\t<\/span>\n\t\t\t\t\t<\/a>\n\t\t\t\t<\/div>\n\t\t\t\t\t\t\t\t<\/div>\n\t\t\t\t<\/div>\n\t\t\t\t<\/div>\n\t\t\t\t<\/div>\n\t\t<!-- dce invisible element 39682fd -->\t\t<\/div>\n\t\t<div class=\"elementor-element elementor-element-775377d e-con-full e-flex e-con e-child\" data-id=\"775377d\" data-element_type=\"container\">\n\t\t\t\t<div class=\"elementor-element elementor-element-433c33f elementor-widget elementor-widget-heading\" data-id=\"433c33f\" data-element_type=\"widget\" data-widget_type=\"heading.default\">\n\t\t\t\t<div class=\"elementor-widget-container\">\n\t\t\t\t\t<h3 class=\"elementor-heading-title elementor-size-default\">Guide pour l'\u00e9tudiant<\/h3>\t\t\t\t<\/div>\n\t\t\t\t<\/div>\n\t\t<div class=\"elementor-element elementor-element-5864f6b e-con-full e-flex e-con e-child\" data-id=\"5864f6b\" data-element_type=\"container\">\n\t\t\t\t<div class=\"elementor-element elementor-element-d15f46a elementor-widget__width-initial elementor-widget-mobile__width-inherit dce_masking-none elementor-widget elementor-widget-image\" data-id=\"d15f46a\" data-element_type=\"widget\" data-widget_type=\"image.default\">\n\t\t\t\t<div class=\"elementor-widget-container\">\n\t\t\t\t\t\t\t\t\t\t\t\t\t\t\t\t<a href=\"https:\/\/propagri.eu\/fr\/the-internship\" target=\"_blank\">\n\t\t\t\t\t\t\t<img decoding=\"async\" width=\"800\" height=\"450\" src=\"https:\/\/propagri.eu\/wp-content\/uploads\/2024\/12\/the-internship-01-1024x576.jpg\" class=\"elementor-animation-shrink attachment-large size-large wp-image-995\" alt=\"\" srcset=\"https:\/\/propagri.eu\/wp-content\/uploads\/2024\/12\/the-internship-01-1024x576.jpg 1024w, https:\/\/propagri.eu\/wp-content\/uploads\/2024\/12\/the-internship-01-300x169.jpg 300w, https:\/\/propagri.eu\/wp-content\/uploads\/2024\/12\/the-internship-01-768x432.jpg 768w, https:\/\/propagri.eu\/wp-content\/uploads\/2024\/12\/the-internship-01.jpg 1280w\" sizes=\"(max-width: 800px) 100vw, 800px\" \/>\t\t\t\t\t\t\t\t<\/a>\n\t\t\t\t\t\t\t\t\t\t\t\t\t\t\t<\/div>\n\t\t\t\t<\/div>\n\t\t<div class=\"elementor-element elementor-element-5d31a9a e-con-full e-flex e-con e-child\" data-id=\"5d31a9a\" data-element_type=\"container\">\n\t\t\t\t<div class=\"elementor-element elementor-element-0b96950 elementor-widget elementor-widget-heading\" data-id=\"0b96950\" data-element_type=\"widget\" data-widget_type=\"heading.default\">\n\t\t\t\t<div class=\"elementor-widget-container\">\n\t\t\t\t\t<h4 class=\"elementor-heading-title elementor-size-default\">Le Stage<\/h4>\t\t\t\t<\/div>\n\t\t\t\t<\/div>\n\t\t\t\t<div class=\"elementor-element elementor-element-b49459c elementor-widget elementor-widget-text-editor\" data-id=\"b49459c\" data-element_type=\"widget\" data-widget_type=\"text-editor.default\">\n\t\t\t\t<div class=\"elementor-widget-container\">\n\t\t\t\t\t\t\t\t\t<p><span style=\"font-weight: 400;\">En stage, vous devez avant tout avoir une attitude respectueuse et professionnelle. <\/span><span style=\"font-weight: 400;\">Votre ma\u00eetre de stage accepte de donner du temps, parfois tr\u00e8s pr\u00e9cieux et de l\u2019\u00e9nergie, pour vous accueillir, vous faire d\u00e9couvrir son univers et vous former au mieux. <\/span><\/p>\t\t\t\t\t\t\t\t<\/div>\n\t\t\t\t<\/div>\n\t\t\t\t<div class=\"elementor-element elementor-element-6564f3b elementor-mobile-align-center elementor-widget elementor-widget-button\" data-id=\"6564f3b\" data-element_type=\"widget\" data-widget_type=\"button.default\">\n\t\t\t\t<div class=\"elementor-widget-container\">\n\t\t\t\t\t\t\t\t\t<div class=\"elementor-button-wrapper\">\n\t\t\t\t\t<a class=\"elementor-button elementor-button-link elementor-size-sm\" href=\"https:\/\/propagri.eu\/fr\/the-internship\" target=\"_blank\">\n\t\t\t\t\t\t<span class=\"elementor-button-content-wrapper\">\n\t\t\t\t\t\t\t\t\t<span class=\"elementor-button-text\">Consulter le PPT<\/span>\n\t\t\t\t\t<\/span>\n\t\t\t\t\t<\/a>\n\t\t\t\t<\/div>\n\t\t\t\t\t\t\t\t<\/div>\n\t\t\t\t<\/div>\n\t\t\t\t<\/div>\n\t\t\t\t<\/div>\n\t\t\t\t<\/div>\n\t\t\t\t\t<\/div>\n\t\t\t\t<\/div>\n\t\t\t\t<\/div>\n\t\t","protected":false},"excerpt":{"rendered":"<p>Guide de l&rsquo;agriculteur Guide des reglementations pour les stages La \u00ab Ligne directrice sur les stages \u00bb est un guide complet d\u00e9crivant les r\u00e9glementations l\u00e9gales et les proc\u00e9dures pour la mise en \u0153uvre de petits stages. Ce document fait partie du projet Result 3 (PR3), qui vise \u00e0 d\u00e9velopper des lignes directrices pratiques pour cr\u00e9er [&hellip;]<\/p>\n","protected":false},"author":1,"featured_media":0,"parent":0,"menu_order":0,"comment_status":"closed","ping_status":"closed","template":"elementor_header_footer","meta":{"footnotes":""},"class_list":["post-1244","page","type-page","status-publish","hentry"],"yoast_head":"<!-- This site is optimized with the Yoast SEO plugin v25.0 - https:\/\/yoast.com\/wordpress\/plugins\/seo\/ -->\n<title>Stages \u00e0 la ferme - PROPAGRI<\/title>\n<meta name=\"robots\" content=\"index, follow, max-snippet:-1, max-image-preview:large, max-video-preview:-1\" \/>\n<link rel=\"canonical\" href=\"https:\/\/propagri.eu\/farm-internships\" \/>\n<meta property=\"og:locale\" content=\"fr_FR\" \/>\n<meta property=\"og:type\" content=\"article\" \/>\n<meta property=\"og:title\" content=\"Stages \u00e0 la ferme - PROPAGRI\" \/>\n<meta property=\"og:description\" content=\"Guide de l&rsquo;agriculteur Guide des reglementations pour les stages La \u00ab Ligne directrice sur les stages \u00bb est un guide complet d\u00e9crivant les r\u00e9glementations l\u00e9gales et les proc\u00e9dures pour la mise en \u0153uvre de petits stages. Ce document fait partie du projet Result 3 (PR3), qui vise \u00e0 d\u00e9velopper des lignes directrices pratiques pour cr\u00e9er [&hellip;]\" \/>\n<meta property=\"og:url\" content=\"https:\/\/propagri.eu\/farm-internships\" \/>\n<meta property=\"og:site_name\" content=\"PROPAGRI\" \/>\n<meta property=\"article:modified_time\" content=\"2025-04-28T07:19:54+00:00\" \/>\n<meta property=\"og:image\" content=\"https:\/\/propagri.eu\/wp-content\/uploads\/2024\/12\/GUIDELINE-ON-INTERNSHIPS.docx_page-0001.jpg\" \/>\n\t<meta property=\"og:image:width\" content=\"1275\" \/>\n\t<meta property=\"og:image:height\" content=\"1650\" \/>\n\t<meta property=\"og:image:type\" content=\"image\/jpeg\" \/>\n<meta name=\"twitter:card\" content=\"summary_large_image\" \/>\n<meta name=\"twitter:label1\" content=\"Dur\u00e9e de lecture estim\u00e9e\" \/>\n\t<meta name=\"twitter:data1\" content=\"1 minute\" \/>\n<script type=\"application\/ld+json\" class=\"yoast-schema-graph\">{\"@context\":\"https:\/\/schema.org\",\"@graph\":[{\"@type\":\"WebPage\",\"@id\":\"https:\/\/propagri.eu\/farm-internships\",\"url\":\"https:\/\/propagri.eu\/farm-internships\",\"name\":\"Stages \u00e0 la ferme - PROPAGRI\",\"isPartOf\":{\"@id\":\"https:\/\/propagri.eu\/fr\/#website\"},\"primaryImageOfPage\":{\"@id\":\"https:\/\/propagri.eu\/farm-internships#primaryimage\"},\"image\":{\"@id\":\"https:\/\/propagri.eu\/farm-internships#primaryimage\"},\"thumbnailUrl\":\"https:\/\/propagri.eu\/wp-content\/uploads\/2024\/12\/GUIDELINE-ON-INTERNSHIPS.docx_page-0001-791x1024.jpg\",\"datePublished\":\"2024-11-28T08:54:02+00:00\",\"dateModified\":\"2025-04-28T07:19:54+00:00\",\"breadcrumb\":{\"@id\":\"https:\/\/propagri.eu\/farm-internships#breadcrumb\"},\"inLanguage\":\"fr-FR\",\"potentialAction\":[{\"@type\":\"ReadAction\",\"target\":[\"https:\/\/propagri.eu\/farm-internships\"]}]},{\"@type\":\"ImageObject\",\"inLanguage\":\"fr-FR\",\"@id\":\"https:\/\/propagri.eu\/farm-internships#primaryimage\",\"url\":\"https:\/\/propagri.eu\/wp-content\/uploads\/2024\/12\/GUIDELINE-ON-INTERNSHIPS.docx_page-0001-791x1024.jpg\",\"contentUrl\":\"https:\/\/propagri.eu\/wp-content\/uploads\/2024\/12\/GUIDELINE-ON-INTERNSHIPS.docx_page-0001-791x1024.jpg\"},{\"@type\":\"BreadcrumbList\",\"@id\":\"https:\/\/propagri.eu\/farm-internships#breadcrumb\",\"itemListElement\":[{\"@type\":\"ListItem\",\"position\":1,\"name\":\"Home\",\"item\":\"https:\/\/propagri.eu\/fr\/accueil\"},{\"@type\":\"ListItem\",\"position\":2,\"name\":\"Stages \u00e0 la ferme\"}]},{\"@type\":\"WebSite\",\"@id\":\"https:\/\/propagri.eu\/fr\/#website\",\"url\":\"https:\/\/propagri.eu\/fr\/\",\"name\":\"PROPAGRI\",\"description\":\"\",\"publisher\":{\"@id\":\"https:\/\/propagri.eu\/fr\/#organization\"},\"potentialAction\":[{\"@type\":\"SearchAction\",\"target\":{\"@type\":\"EntryPoint\",\"urlTemplate\":\"https:\/\/propagri.eu\/fr\/?s={search_term_string}\"},\"query-input\":{\"@type\":\"PropertyValueSpecification\",\"valueRequired\":true,\"valueName\":\"search_term_string\"}}],\"inLanguage\":\"fr-FR\"},{\"@type\":\"Organization\",\"@id\":\"https:\/\/propagri.eu\/fr\/#organization\",\"name\":\"PROPAGRI\",\"url\":\"https:\/\/propagri.eu\/fr\/\",\"logo\":{\"@type\":\"ImageObject\",\"inLanguage\":\"fr-FR\",\"@id\":\"https:\/\/propagri.eu\/fr\/#\/schema\/logo\/image\/\",\"url\":\"https:\/\/propagri.eu\/wp-content\/uploads\/2023\/02\/PROPAGRI-logo.png\",\"contentUrl\":\"https:\/\/propagri.eu\/wp-content\/uploads\/2023\/02\/PROPAGRI-logo.png\",\"width\":1239,\"height\":305,\"caption\":\"PROPAGRI\"},\"image\":{\"@id\":\"https:\/\/propagri.eu\/fr\/#\/schema\/logo\/image\/\"}}]}<\/script>\n<!-- \/ Yoast SEO plugin. -->","yoast_head_json":{"title":"Stages \u00e0 la ferme - PROPAGRI","robots":{"index":"index","follow":"follow","max-snippet":"max-snippet:-1","max-image-preview":"max-image-preview:large","max-video-preview":"max-video-preview:-1"},"canonical":"https:\/\/propagri.eu\/farm-internships","og_locale":"fr_FR","og_type":"article","og_title":"Stages \u00e0 la ferme - PROPAGRI","og_description":"Guide de l&rsquo;agriculteur Guide des reglementations pour les stages La \u00ab Ligne directrice sur les stages \u00bb est un guide complet d\u00e9crivant les r\u00e9glementations l\u00e9gales et les proc\u00e9dures pour la mise en \u0153uvre de petits stages. Ce document fait partie du projet Result 3 (PR3), qui vise \u00e0 d\u00e9velopper des lignes directrices pratiques pour cr\u00e9er [&hellip;]","og_url":"https:\/\/propagri.eu\/farm-internships","og_site_name":"PROPAGRI","article_modified_time":"2025-04-28T07:19:54+00:00","og_image":[{"width":1275,"height":1650,"url":"https:\/\/propagri.eu\/wp-content\/uploads\/2024\/12\/GUIDELINE-ON-INTERNSHIPS.docx_page-0001.jpg","type":"image\/jpeg"}],"twitter_card":"summary_large_image","twitter_misc":{"Dur\u00e9e de lecture estim\u00e9e":"1 minute"},"schema":{"@context":"https:\/\/schema.org","@graph":[{"@type":"WebPage","@id":"https:\/\/propagri.eu\/farm-internships","url":"https:\/\/propagri.eu\/farm-internships","name":"Stages \u00e0 la ferme - PROPAGRI","isPartOf":{"@id":"https:\/\/propagri.eu\/fr\/#website"},"primaryImageOfPage":{"@id":"https:\/\/propagri.eu\/farm-internships#primaryimage"},"image":{"@id":"https:\/\/propagri.eu\/farm-internships#primaryimage"},"thumbnailUrl":"https:\/\/propagri.eu\/wp-content\/uploads\/2024\/12\/GUIDELINE-ON-INTERNSHIPS.docx_page-0001-791x1024.jpg","datePublished":"2024-11-28T08:54:02+00:00","dateModified":"2025-04-28T07:19:54+00:00","breadcrumb":{"@id":"https:\/\/propagri.eu\/farm-internships#breadcrumb"},"inLanguage":"fr-FR","potentialAction":[{"@type":"ReadAction","target":["https:\/\/propagri.eu\/farm-internships"]}]},{"@type":"ImageObject","inLanguage":"fr-FR","@id":"https:\/\/propagri.eu\/farm-internships#primaryimage","url":"https:\/\/propagri.eu\/wp-content\/uploads\/2024\/12\/GUIDELINE-ON-INTERNSHIPS.docx_page-0001-791x1024.jpg","contentUrl":"https:\/\/propagri.eu\/wp-content\/uploads\/2024\/12\/GUIDELINE-ON-INTERNSHIPS.docx_page-0001-791x1024.jpg"},{"@type":"BreadcrumbList","@id":"https:\/\/propagri.eu\/farm-internships#breadcrumb","itemListElement":[{"@type":"ListItem","position":1,"name":"Home","item":"https:\/\/propagri.eu\/fr\/accueil"},{"@type":"ListItem","position":2,"name":"Stages \u00e0 la ferme"}]},{"@type":"WebSite","@id":"https:\/\/propagri.eu\/fr\/#website","url":"https:\/\/propagri.eu\/fr\/","name":"PROPAGRI","description":"","publisher":{"@id":"https:\/\/propagri.eu\/fr\/#organization"},"potentialAction":[{"@type":"SearchAction","target":{"@type":"EntryPoint","urlTemplate":"https:\/\/propagri.eu\/fr\/?s={search_term_string}"},"query-input":{"@type":"PropertyValueSpecification","valueRequired":true,"valueName":"search_term_string"}}],"inLanguage":"fr-FR"},{"@type":"Organization","@id":"https:\/\/propagri.eu\/fr\/#organization","name":"PROPAGRI","url":"https:\/\/propagri.eu\/fr\/","logo":{"@type":"ImageObject","inLanguage":"fr-FR","@id":"https:\/\/propagri.eu\/fr\/#\/schema\/logo\/image\/","url":"https:\/\/propagri.eu\/wp-content\/uploads\/2023\/02\/PROPAGRI-logo.png","contentUrl":"https:\/\/propagri.eu\/wp-content\/uploads\/2023\/02\/PROPAGRI-logo.png","width":1239,"height":305,"caption":"PROPAGRI"},"image":{"@id":"https:\/\/propagri.eu\/fr\/#\/schema\/logo\/image\/"}}]}},"_links":{"self":[{"href":"https:\/\/propagri.eu\/fr\/wp-json\/wp\/v2\/pages\/1244","targetHints":{"allow":["GET"]}}],"collection":[{"href":"https:\/\/propagri.eu\/fr\/wp-json\/wp\/v2\/pages"}],"about":[{"href":"https:\/\/propagri.eu\/fr\/wp-json\/wp\/v2\/types\/page"}],"author":[{"embeddable":true,"href":"https:\/\/propagri.eu\/fr\/wp-json\/wp\/v2\/users\/1"}],"replies":[{"embeddable":true,"href":"https:\/\/propagri.eu\/fr\/wp-json\/wp\/v2\/comments?post=1244"}],"version-history":[{"count":5,"href":"https:\/\/propagri.eu\/fr\/wp-json\/wp\/v2\/pages\/1244\/revisions"}],"predecessor-version":[{"id":1367,"href":"https:\/\/propagri.eu\/fr\/wp-json\/wp\/v2\/pages\/1244\/revisions\/1367"}],"wp:attachment":[{"href":"https:\/\/propagri.eu\/fr\/wp-json\/wp\/v2\/media?parent=1244"}],"curies":[{"name":"wp","href":"https:\/\/api.w.org\/{rel}","templated":true}]}}