{"id":1360,"date":"2024-11-26T12:21:53","date_gmt":"2024-11-26T12:21:53","guid":{"rendered":"https:\/\/propagri.eu\/schulungsinhalten"},"modified":"2025-04-28T07:14:06","modified_gmt":"2025-04-28T07:14:06","slug":"schulungsinhalten","status":"publish","type":"page","link":"https:\/\/propagri.eu\/de\/schulungsinhalten","title":{"rendered":"Schulungsinhalten"},"content":{"rendered":"\t\t<div data-elementor-type=\"wp-page\" data-elementor-id=\"1360\" class=\"elementor elementor-1360 elementor-860\" data-elementor-post-type=\"page\">\n\t\t\t\t<div class=\"elementor-element elementor-element-d0654ea e-flex e-con-boxed e-con e-parent\" data-id=\"d0654ea\" data-element_type=\"container\" data-settings=\"{&quot;background_background&quot;:&quot;classic&quot;}\">\n\t\t\t\t\t<div class=\"e-con-inner\">\n\t\t<!-- dce invisible element 8124bc0 --><div class=\"elementor-element elementor-element-775377d e-con-full e-flex e-con e-child\" data-id=\"775377d\" data-element_type=\"container\">\n\t\t\t\t<div class=\"elementor-element elementor-element-433c33f elementor-widget elementor-widget-heading\" data-id=\"433c33f\" data-element_type=\"widget\" data-widget_type=\"heading.default\">\n\t\t\t\t<div class=\"elementor-widget-container\">\n\t\t\t\t\t<h3 class=\"elementor-heading-title elementor-size-default\">Grundlagen der Landwirtschaft<\/h3>\t\t\t\t<\/div>\n\t\t\t\t<\/div>\n\t\t<div class=\"elementor-element elementor-element-e9c4cfb e-con-full e-flex e-con e-child\" data-id=\"e9c4cfb\" data-element_type=\"container\">\n\t\t\t\t<div class=\"elementor-element elementor-element-26cc3d1 elementor-widget__width-initial elementor-widget-mobile__width-inherit dce_masking-none elementor-widget elementor-widget-image\" data-id=\"26cc3d1\" data-element_type=\"widget\" data-widget_type=\"image.default\">\n\t\t\t\t<div class=\"elementor-widget-container\">\n\t\t\t\t\t\t\t\t\t\t\t\t\t\t\t\t<a href=\"https:\/\/propagri.eu\/de\/module-1_basics-of-agriculture\" target=\"_blank\">\n\t\t\t\t\t\t\t<img fetchpriority=\"high\" decoding=\"async\" width=\"768\" height=\"432\" src=\"https:\/\/propagri.eu\/wp-content\/uploads\/2024\/12\/Module-1_Basics-of-agriculture-01-768x432.jpg\" class=\"elementor-animation-shrink attachment-medium_large size-medium_large wp-image-928\" alt=\"\" srcset=\"https:\/\/propagri.eu\/wp-content\/uploads\/2024\/12\/Module-1_Basics-of-agriculture-01-768x432.jpg 768w, https:\/\/propagri.eu\/wp-content\/uploads\/2024\/12\/Module-1_Basics-of-agriculture-01-300x169.jpg 300w, https:\/\/propagri.eu\/wp-content\/uploads\/2024\/12\/Module-1_Basics-of-agriculture-01-1024x576.jpg 1024w, https:\/\/propagri.eu\/wp-content\/uploads\/2024\/12\/Module-1_Basics-of-agriculture-01-1536x864.jpg 1536w, https:\/\/propagri.eu\/wp-content\/uploads\/2024\/12\/Module-1_Basics-of-agriculture-01-2048x1152.jpg 2048w\" sizes=\"(max-width: 768px) 100vw, 768px\" \/>\t\t\t\t\t\t\t\t<\/a>\n\t\t\t\t\t\t\t\t\t\t\t\t\t\t\t<\/div>\n\t\t\t\t<\/div>\n\t\t<div class=\"elementor-element elementor-element-8685dc9 e-con-full e-flex e-con e-child\" data-id=\"8685dc9\" data-element_type=\"container\">\n\t\t\t\t<div class=\"elementor-element elementor-element-bccf743 elementor-widget elementor-widget-heading\" data-id=\"bccf743\" data-element_type=\"widget\" data-widget_type=\"heading.default\">\n\t\t\t\t<div class=\"elementor-widget-container\">\n\t\t\t\t\t<h4 class=\"elementor-heading-title elementor-size-default\"> Modul 1: Grundlagen der Landwirtschaft<\/h4>\t\t\t\t<\/div>\n\t\t\t\t<\/div>\n\t\t\t\t<div class=\"elementor-element elementor-element-a34abf3 elementor-widget elementor-widget-text-editor\" data-id=\"a34abf3\" data-element_type=\"widget\" data-widget_type=\"text-editor.default\">\n\t\t\t\t<div class=\"elementor-widget-container\">\n\t\t\t\t\t\t\t\t\t<p><span style=\"font-weight: 400;\">Die Landwirtschaft ist der wissenschaftliche und berufliche Bereich, der sich mit der Erzeugung von Nahrungsmitteln und Produkten aus nat\u00fcrlichen Ressourcen befasst. <\/span><span style=\"font-weight: 400;\">Diese weit gefasste Definition umfasst verschiedene Fachgebiete, darunter den Anbau von Kulturpflanzen, die Viehzucht, die Bewirtschaftung der Fischerei und in gewissem Ma\u00dfe auch die Gewinnung von Naturprodukten.<\/span><\/p>\t\t\t\t\t\t\t\t<\/div>\n\t\t\t\t<\/div>\n\t\t\t\t<div class=\"elementor-element elementor-element-292fa46 elementor-mobile-align-center elementor-widget elementor-widget-button\" data-id=\"292fa46\" data-element_type=\"widget\" data-widget_type=\"button.default\">\n\t\t\t\t<div class=\"elementor-widget-container\">\n\t\t\t\t\t\t\t\t\t<div class=\"elementor-button-wrapper\">\n\t\t\t\t\t<a class=\"elementor-button elementor-button-link elementor-size-sm\" href=\"https:\/\/propagri.eu\/de\/module-1_basics-of-agriculture\" target=\"_blank\">\n\t\t\t\t\t\t<span class=\"elementor-button-content-wrapper\">\n\t\t\t\t\t\t\t\t\t<span class=\"elementor-button-text\">PPT pr\u00fcfen<\/span>\n\t\t\t\t\t<\/span>\n\t\t\t\t\t<\/a>\n\t\t\t\t<\/div>\n\t\t\t\t\t\t\t\t<\/div>\n\t\t\t\t<\/div>\n\t\t\t\t<\/div>\n\t\t\t\t<\/div>\n\t\t\t\t<\/div>\n\t\t<div class=\"elementor-element elementor-element-4b13669 e-con-full e-flex e-con e-child\" data-id=\"4b13669\" data-element_type=\"container\">\n\t\t\t\t<div class=\"elementor-element elementor-element-c8a1dcb elementor-widget elementor-widget-heading\" data-id=\"c8a1dcb\" data-element_type=\"widget\" data-widget_type=\"heading.default\">\n\t\t\t\t<div class=\"elementor-widget-container\">\n\t\t\t\t\t<h3 class=\"elementor-heading-title elementor-size-default\">\u00d6kologie in der Landwirtschaft<\/h3>\t\t\t\t<\/div>\n\t\t\t\t<\/div>\n\t\t<div class=\"elementor-element elementor-element-014b290 e-con-full e-flex e-con e-child\" data-id=\"014b290\" data-element_type=\"container\" data-settings=\"{&quot;enabled_visibility&quot;:&quot;yes&quot;,&quot;dce_visibility_selected&quot;:&quot;hide&quot;}\">\n\t\t\t\t<div class=\"elementor-element elementor-element-999806a elementor-widget__width-initial elementor-widget-mobile__width-inherit dce_masking-none elementor-widget elementor-widget-image\" data-id=\"999806a\" data-element_type=\"widget\" data-widget_type=\"image.default\">\n\t\t\t\t<div class=\"elementor-widget-container\">\n\t\t\t\t\t\t\t\t\t\t\t\t\t\t\t\t<a href=\"https:\/\/propagri.eu\/de\/ecology-and-sustainable-development-in-agriculture\" target=\"_blank\">\n\t\t\t\t\t\t\t<img decoding=\"async\" width=\"768\" height=\"432\" src=\"https:\/\/propagri.eu\/wp-content\/uploads\/2024\/12\/Ecology-and-sustainable-development-in-agriculture-01-768x432.jpg\" class=\"elementor-animation-shrink attachment-medium_large size-medium_large wp-image-942\" alt=\"\" srcset=\"https:\/\/propagri.eu\/wp-content\/uploads\/2024\/12\/Ecology-and-sustainable-development-in-agriculture-01-768x432.jpg 768w, https:\/\/propagri.eu\/wp-content\/uploads\/2024\/12\/Ecology-and-sustainable-development-in-agriculture-01-300x169.jpg 300w, https:\/\/propagri.eu\/wp-content\/uploads\/2024\/12\/Ecology-and-sustainable-development-in-agriculture-01-1024x576.jpg 1024w, https:\/\/propagri.eu\/wp-content\/uploads\/2024\/12\/Ecology-and-sustainable-development-in-agriculture-01-1536x864.jpg 1536w, https:\/\/propagri.eu\/wp-content\/uploads\/2024\/12\/Ecology-and-sustainable-development-in-agriculture-01-2048x1152.jpg 2048w\" sizes=\"(max-width: 768px) 100vw, 768px\" \/>\t\t\t\t\t\t\t\t<\/a>\n\t\t\t\t\t\t\t\t\t\t\t\t\t\t\t<\/div>\n\t\t\t\t<\/div>\n\t\t<div class=\"elementor-element elementor-element-cbeedca e-con-full e-flex e-con e-child\" data-id=\"cbeedca\" data-element_type=\"container\">\n\t\t\t\t<div class=\"elementor-element elementor-element-ac64c3f elementor-widget elementor-widget-heading\" data-id=\"ac64c3f\" data-element_type=\"widget\" data-widget_type=\"heading.default\">\n\t\t\t\t<div class=\"elementor-widget-container\">\n\t\t\t\t\t<h4 class=\"elementor-heading-title elementor-size-default\">\u00d6kologie und nachhaltige Entwicklung in der Landwirtschaft<\/h4>\t\t\t\t<\/div>\n\t\t\t\t<\/div>\n\t\t\t\t<div class=\"elementor-element elementor-element-57afd66 elementor-widget elementor-widget-text-editor\" data-id=\"57afd66\" data-element_type=\"widget\" data-widget_type=\"text-editor.default\">\n\t\t\t\t<div class=\"elementor-widget-container\">\n\t\t\t\t\t\t\t\t\t<p><span style=\"font-weight: 400;\">Die \u00d6kologie ist eine Wissenschaft, die sich mit den Wechselwirkungen der Lebewesen (Bioz\u00f6nose) untereinander und mit ihrer Umwelt (Biotop) befasst. Die Gesamtheit der Lebewesen, ihres Lebensraums und ihrer Beziehungen untereinander bildet ein \u00d6kosystem. <\/span><\/p>\t\t\t\t\t\t\t\t<\/div>\n\t\t\t\t<\/div>\n\t\t\t\t<div class=\"elementor-element elementor-element-3e4cc38 elementor-mobile-align-center elementor-widget elementor-widget-button\" data-id=\"3e4cc38\" data-element_type=\"widget\" data-widget_type=\"button.default\">\n\t\t\t\t<div class=\"elementor-widget-container\">\n\t\t\t\t\t\t\t\t\t<div class=\"elementor-button-wrapper\">\n\t\t\t\t\t<a class=\"elementor-button elementor-button-link elementor-size-sm\" href=\"https:\/\/propagri.eu\/de\/ecology-and-sustainable-development-in-agriculture\" target=\"_blank\">\n\t\t\t\t\t\t<span class=\"elementor-button-content-wrapper\">\n\t\t\t\t\t\t\t\t\t<span class=\"elementor-button-text\">PPT pr\u00fcfen<\/span>\n\t\t\t\t\t<\/span>\n\t\t\t\t\t<\/a>\n\t\t\t\t<\/div>\n\t\t\t\t\t\t\t\t<\/div>\n\t\t\t\t<\/div>\n\t\t\t\t<\/div>\n\t\t\t\t<\/div>\n\t\t<div class=\"elementor-element elementor-element-a306f2e e-con-full e-flex e-con e-child\" data-id=\"a306f2e\" data-element_type=\"container\">\n\t\t\t\t<div class=\"elementor-element elementor-element-bd4e9fe elementor-widget__width-initial elementor-widget-mobile__width-inherit dce_masking-none elementor-widget elementor-widget-image\" data-id=\"bd4e9fe\" data-element_type=\"widget\" data-widget_type=\"image.default\">\n\t\t\t\t<div class=\"elementor-widget-container\">\n\t\t\t\t\t\t\t\t\t\t\t\t\t\t\t\t<a href=\"https:\/\/propagri.eu\/de\/module-2_agriculture-_-climate-change\" target=\"_blank\">\n\t\t\t\t\t\t\t<img decoding=\"async\" width=\"768\" height=\"432\" src=\"https:\/\/propagri.eu\/wp-content\/uploads\/2024\/12\/Module-2_Agriculture-_-Climate-Change-01-768x432.jpg\" class=\"elementor-animation-shrink attachment-medium_large size-medium_large wp-image-955\" alt=\"\" srcset=\"https:\/\/propagri.eu\/wp-content\/uploads\/2024\/12\/Module-2_Agriculture-_-Climate-Change-01-768x432.jpg 768w, https:\/\/propagri.eu\/wp-content\/uploads\/2024\/12\/Module-2_Agriculture-_-Climate-Change-01-300x169.jpg 300w, https:\/\/propagri.eu\/wp-content\/uploads\/2024\/12\/Module-2_Agriculture-_-Climate-Change-01-1024x576.jpg 1024w, https:\/\/propagri.eu\/wp-content\/uploads\/2024\/12\/Module-2_Agriculture-_-Climate-Change-01-1536x864.jpg 1536w, https:\/\/propagri.eu\/wp-content\/uploads\/2024\/12\/Module-2_Agriculture-_-Climate-Change-01-2048x1152.jpg 2048w\" sizes=\"(max-width: 768px) 100vw, 768px\" \/>\t\t\t\t\t\t\t\t<\/a>\n\t\t\t\t\t\t\t\t\t\t\t\t\t\t\t<\/div>\n\t\t\t\t<\/div>\n\t\t<div class=\"elementor-element elementor-element-2053607 e-con-full e-flex e-con e-child\" data-id=\"2053607\" data-element_type=\"container\">\n\t\t\t\t<div class=\"elementor-element elementor-element-332f7f5 elementor-widget elementor-widget-heading\" data-id=\"332f7f5\" data-element_type=\"widget\" data-widget_type=\"heading.default\">\n\t\t\t\t<div class=\"elementor-widget-container\">\n\t\t\t\t\t<h4 class=\"elementor-heading-title elementor-size-default\">Modul 2: Landwirtschaft &amp; Klimawandel<\/h4>\t\t\t\t<\/div>\n\t\t\t\t<\/div>\n\t\t\t\t<div class=\"elementor-element elementor-element-e2bcd1e elementor-widget elementor-widget-text-editor\" data-id=\"e2bcd1e\" data-element_type=\"widget\" data-widget_type=\"text-editor.default\">\n\t\t\t\t<div class=\"elementor-widget-container\">\n\t\t\t\t\t\t\t\t\t<p><span style=\"font-weight: 400;\">Es ist die Gesamtheit der Wetterbedingungen, die f\u00fcr eine bestimmte Region der Erde typisch sind. Es sieht Elemente wie Niederschlagsmenge und -regelm\u00e4\u00dfigkeit, Luftfeuchtigkeit, Temperatur, Wind und andere Faktoren vor, die mit Wetterph\u00e4nomenen in dieser Region verbunden sind. <\/span><\/p>\t\t\t\t\t\t\t\t<\/div>\n\t\t\t\t<\/div>\n\t\t\t\t<div class=\"elementor-element elementor-element-a2f006e elementor-mobile-align-center elementor-widget elementor-widget-button\" data-id=\"a2f006e\" data-element_type=\"widget\" data-widget_type=\"button.default\">\n\t\t\t\t<div class=\"elementor-widget-container\">\n\t\t\t\t\t\t\t\t\t<div class=\"elementor-button-wrapper\">\n\t\t\t\t\t<a class=\"elementor-button elementor-button-link elementor-size-sm\" href=\"https:\/\/propagri.eu\/de\/module-2_agriculture-_-climate-change\" target=\"_blank\">\n\t\t\t\t\t\t<span class=\"elementor-button-content-wrapper\">\n\t\t\t\t\t\t\t\t\t<span class=\"elementor-button-text\">PPT pr\u00fcfen<\/span>\n\t\t\t\t\t<\/span>\n\t\t\t\t\t<\/a>\n\t\t\t\t<\/div>\n\t\t\t\t\t\t\t\t<\/div>\n\t\t\t\t<\/div>\n\t\t\t\t<\/div>\n\t\t\t\t<\/div>\n\t\t<!-- dce invisible element 67fd621 -->\t\t<\/div>\n\t\t<!-- dce invisible element 9d5e815 --><div class=\"elementor-element elementor-element-fc747a2 e-con-full e-flex e-con e-child\" data-id=\"fc747a2\" data-element_type=\"container\">\n\t\t\t\t<div class=\"elementor-element elementor-element-de65c48 elementor-widget elementor-widget-heading\" data-id=\"de65c48\" data-element_type=\"widget\" data-widget_type=\"heading.default\">\n\t\t\t\t<div class=\"elementor-widget-container\">\n\t\t\t\t\t<h3 class=\"elementor-heading-title elementor-size-default\">Das Praktikum<\/h3>\t\t\t\t<\/div>\n\t\t\t\t<\/div>\n\t\t<!-- dce invisible element 86914b4 --><!-- dce invisible element c366321 --><div class=\"elementor-element elementor-element-5f56743 e-con-full e-flex e-con e-child\" data-id=\"5f56743\" data-element_type=\"container\">\n\t\t\t\t<div class=\"elementor-element elementor-element-aca9725 elementor-widget__width-initial elementor-widget-mobile__width-inherit dce_masking-none elementor-widget elementor-widget-image\" data-id=\"aca9725\" data-element_type=\"widget\" data-widget_type=\"image.default\">\n\t\t\t\t<div class=\"elementor-widget-container\">\n\t\t\t\t\t\t\t\t\t\t\t\t\t\t\t\t<a href=\"https:\/\/propagri.eu\/de\/the-internship\" target=\"_blank\">\n\t\t\t\t\t\t\t<img loading=\"lazy\" decoding=\"async\" width=\"768\" height=\"432\" src=\"https:\/\/propagri.eu\/wp-content\/uploads\/2024\/12\/the-internship-01-768x432.jpg\" class=\"elementor-animation-shrink attachment-medium_large size-medium_large wp-image-996\" alt=\"\" srcset=\"https:\/\/propagri.eu\/wp-content\/uploads\/2024\/12\/the-internship-01-768x432.jpg 768w, https:\/\/propagri.eu\/wp-content\/uploads\/2024\/12\/the-internship-01-300x169.jpg 300w, https:\/\/propagri.eu\/wp-content\/uploads\/2024\/12\/the-internship-01-1024x576.jpg 1024w, https:\/\/propagri.eu\/wp-content\/uploads\/2024\/12\/the-internship-01.jpg 1280w\" sizes=\"(max-width: 768px) 100vw, 768px\" \/>\t\t\t\t\t\t\t\t<\/a>\n\t\t\t\t\t\t\t\t\t\t\t\t\t\t\t<\/div>\n\t\t\t\t<\/div>\n\t\t<div class=\"elementor-element elementor-element-71c6450 e-con-full e-flex e-con e-child\" data-id=\"71c6450\" data-element_type=\"container\">\n\t\t\t\t<div class=\"elementor-element elementor-element-1ca2b98 elementor-widget elementor-widget-heading\" data-id=\"1ca2b98\" data-element_type=\"widget\" data-widget_type=\"heading.default\">\n\t\t\t\t<div class=\"elementor-widget-container\">\n\t\t\t\t\t<h4 class=\"elementor-heading-title elementor-size-default\">Das Praktikum<\/h4>\t\t\t\t<\/div>\n\t\t\t\t<\/div>\n\t\t\t\t<div class=\"elementor-element elementor-element-dc554b6 elementor-widget elementor-widget-text-editor\" data-id=\"dc554b6\" data-element_type=\"widget\" data-widget_type=\"text-editor.default\">\n\t\t\t\t<div class=\"elementor-widget-container\">\n\t\t\t\t\t\t\t\t\t<p><span style=\"font-weight: 400;\">Im Praktikum sollten Sie vor allem eine respektvolle und professionelle Haltung einnehmen. <\/span><span style=\"font-weight: 400;\">Ihr Praktikumsbetreuer ist bereit, seine manchmal sehr wertvolle Zeit und Energie zu opfern, um Ihnen seine Welt zu zeigen und Sie bestm\u00f6glich auszubilden. <\/span><\/p>\t\t\t\t\t\t\t\t<\/div>\n\t\t\t\t<\/div>\n\t\t\t\t<div class=\"elementor-element elementor-element-109cf1a elementor-mobile-align-center elementor-widget elementor-widget-button\" data-id=\"109cf1a\" data-element_type=\"widget\" data-widget_type=\"button.default\">\n\t\t\t\t<div class=\"elementor-widget-container\">\n\t\t\t\t\t\t\t\t\t<div class=\"elementor-button-wrapper\">\n\t\t\t\t\t<a class=\"elementor-button elementor-button-link elementor-size-sm\" href=\"https:\/\/propagri.eu\/de\/the-internship\" target=\"_blank\">\n\t\t\t\t\t\t<span class=\"elementor-button-content-wrapper\">\n\t\t\t\t\t\t\t\t\t<span class=\"elementor-button-text\">PPT pr\u00fcfen<\/span>\n\t\t\t\t\t<\/span>\n\t\t\t\t\t<\/a>\n\t\t\t\t<\/div>\n\t\t\t\t\t\t\t\t<\/div>\n\t\t\t\t<\/div>\n\t\t\t\t<\/div>\n\t\t\t\t<\/div>\n\t\t\t\t<\/div>\n\t\t\t\t\t<\/div>\n\t\t\t\t<\/div>\n\t\t\t\t<\/div>\n\t\t","protected":false},"excerpt":{"rendered":"<p>Hilfe-Dokument Pedagogical Framework Involving youngsters in the agriculture field is a challenging intake. Most youngsters don\u2019t find it applying and interesting as a career path. This document seeks to develop a framework, offering a theoretical toolbox to analyze context-dependent barriers and enable youngsters. PDF pr\u00fcfen Help document for the facilitation of the training The training [&hellip;]<\/p>\n","protected":false},"author":1,"featured_media":0,"parent":0,"menu_order":0,"comment_status":"closed","ping_status":"closed","template":"elementor_header_footer","meta":{"footnotes":""},"class_list":["post-1360","page","type-page","status-publish","hentry"],"yoast_head":"<!-- This site is optimized with the Yoast SEO plugin v25.0 - https:\/\/yoast.com\/wordpress\/plugins\/seo\/ -->\n<title>Schulungsinhalten - PROPAGRI<\/title>\n<meta name=\"robots\" content=\"index, follow, max-snippet:-1, max-image-preview:large, max-video-preview:-1\" \/>\n<link rel=\"canonical\" href=\"https:\/\/propagri.eu\/de\/schulungsinhalten\" \/>\n<meta property=\"og:locale\" content=\"de_DE\" \/>\n<meta property=\"og:type\" content=\"article\" \/>\n<meta property=\"og:title\" content=\"Schulungsinhalten - PROPAGRI\" \/>\n<meta property=\"og:description\" content=\"Hilfe-Dokument Pedagogical Framework Involving youngsters in the agriculture field is a challenging intake. Most youngsters don\u2019t find it applying and interesting as a career path. This document seeks to develop a framework, offering a theoretical toolbox to analyze context-dependent barriers and enable youngsters. PDF pr\u00fcfen Help document for the facilitation of the training The training [&hellip;]\" \/>\n<meta property=\"og:url\" content=\"https:\/\/propagri.eu\/de\/schulungsinhalten\" \/>\n<meta property=\"og:site_name\" content=\"PROPAGRI\" \/>\n<meta property=\"article:modified_time\" content=\"2025-04-28T07:14:06+00:00\" \/>\n<meta property=\"og:image\" content=\"https:\/\/propagri.eu\/wp-content\/uploads\/2024\/12\/PropAgri-Pedagogical-Framework_page-0001.jpg\" \/>\n\t<meta property=\"og:image:width\" content=\"1241\" \/>\n\t<meta property=\"og:image:height\" content=\"1755\" \/>\n\t<meta property=\"og:image:type\" content=\"image\/jpeg\" \/>\n<meta name=\"twitter:card\" content=\"summary_large_image\" \/>\n<meta name=\"twitter:label1\" content=\"Gesch\u00e4tzte Lesezeit\" \/>\n\t<meta name=\"twitter:data1\" content=\"2\u00a0Minuten\" \/>\n<script type=\"application\/ld+json\" class=\"yoast-schema-graph\">{\"@context\":\"https:\/\/schema.org\",\"@graph\":[{\"@type\":\"WebPage\",\"@id\":\"https:\/\/propagri.eu\/de\/schulungsinhalten\",\"url\":\"https:\/\/propagri.eu\/de\/schulungsinhalten\",\"name\":\"Schulungsinhalten - PROPAGRI\",\"isPartOf\":{\"@id\":\"https:\/\/propagri.eu\/fr\/#website\"},\"primaryImageOfPage\":{\"@id\":\"https:\/\/propagri.eu\/de\/schulungsinhalten#primaryimage\"},\"image\":{\"@id\":\"https:\/\/propagri.eu\/de\/schulungsinhalten#primaryimage\"},\"thumbnailUrl\":\"https:\/\/propagri.eu\/wp-content\/uploads\/2024\/12\/PropAgri-Pedagogical-Framework_page-0001-768x1086.jpg\",\"datePublished\":\"2024-11-26T12:21:53+00:00\",\"dateModified\":\"2025-04-28T07:14:06+00:00\",\"breadcrumb\":{\"@id\":\"https:\/\/propagri.eu\/de\/schulungsinhalten#breadcrumb\"},\"inLanguage\":\"de\",\"potentialAction\":[{\"@type\":\"ReadAction\",\"target\":[\"https:\/\/propagri.eu\/de\/schulungsinhalten\"]}]},{\"@type\":\"ImageObject\",\"inLanguage\":\"de\",\"@id\":\"https:\/\/propagri.eu\/de\/schulungsinhalten#primaryimage\",\"url\":\"https:\/\/propagri.eu\/wp-content\/uploads\/2024\/12\/PropAgri-Pedagogical-Framework_page-0001-768x1086.jpg\",\"contentUrl\":\"https:\/\/propagri.eu\/wp-content\/uploads\/2024\/12\/PropAgri-Pedagogical-Framework_page-0001-768x1086.jpg\"},{\"@type\":\"BreadcrumbList\",\"@id\":\"https:\/\/propagri.eu\/de\/schulungsinhalten#breadcrumb\",\"itemListElement\":[{\"@type\":\"ListItem\",\"position\":1,\"name\":\"Home\",\"item\":\"https:\/\/propagri.eu\/de\/startseite\"},{\"@type\":\"ListItem\",\"position\":2,\"name\":\"Schulungsinhalten\"}]},{\"@type\":\"WebSite\",\"@id\":\"https:\/\/propagri.eu\/fr\/#website\",\"url\":\"https:\/\/propagri.eu\/fr\/\",\"name\":\"PROPAGRI\",\"description\":\"\",\"publisher\":{\"@id\":\"https:\/\/propagri.eu\/fr\/#organization\"},\"potentialAction\":[{\"@type\":\"SearchAction\",\"target\":{\"@type\":\"EntryPoint\",\"urlTemplate\":\"https:\/\/propagri.eu\/fr\/?s={search_term_string}\"},\"query-input\":{\"@type\":\"PropertyValueSpecification\",\"valueRequired\":true,\"valueName\":\"search_term_string\"}}],\"inLanguage\":\"de\"},{\"@type\":\"Organization\",\"@id\":\"https:\/\/propagri.eu\/fr\/#organization\",\"name\":\"PROPAGRI\",\"url\":\"https:\/\/propagri.eu\/fr\/\",\"logo\":{\"@type\":\"ImageObject\",\"inLanguage\":\"de\",\"@id\":\"https:\/\/propagri.eu\/fr\/#\/schema\/logo\/image\/\",\"url\":\"https:\/\/propagri.eu\/wp-content\/uploads\/2023\/02\/PROPAGRI-logo.png\",\"contentUrl\":\"https:\/\/propagri.eu\/wp-content\/uploads\/2023\/02\/PROPAGRI-logo.png\",\"width\":1239,\"height\":305,\"caption\":\"PROPAGRI\"},\"image\":{\"@id\":\"https:\/\/propagri.eu\/fr\/#\/schema\/logo\/image\/\"}}]}<\/script>\n<!-- \/ Yoast SEO plugin. -->","yoast_head_json":{"title":"Schulungsinhalten - PROPAGRI","robots":{"index":"index","follow":"follow","max-snippet":"max-snippet:-1","max-image-preview":"max-image-preview:large","max-video-preview":"max-video-preview:-1"},"canonical":"https:\/\/propagri.eu\/de\/schulungsinhalten","og_locale":"de_DE","og_type":"article","og_title":"Schulungsinhalten - PROPAGRI","og_description":"Hilfe-Dokument Pedagogical Framework Involving youngsters in the agriculture field is a challenging intake. Most youngsters don\u2019t find it applying and interesting as a career path. This document seeks to develop a framework, offering a theoretical toolbox to analyze context-dependent barriers and enable youngsters. PDF pr\u00fcfen Help document for the facilitation of the training The training [&hellip;]","og_url":"https:\/\/propagri.eu\/de\/schulungsinhalten","og_site_name":"PROPAGRI","article_modified_time":"2025-04-28T07:14:06+00:00","og_image":[{"width":1241,"height":1755,"url":"https:\/\/propagri.eu\/wp-content\/uploads\/2024\/12\/PropAgri-Pedagogical-Framework_page-0001.jpg","type":"image\/jpeg"}],"twitter_card":"summary_large_image","twitter_misc":{"Gesch\u00e4tzte Lesezeit":"2\u00a0Minuten"},"schema":{"@context":"https:\/\/schema.org","@graph":[{"@type":"WebPage","@id":"https:\/\/propagri.eu\/de\/schulungsinhalten","url":"https:\/\/propagri.eu\/de\/schulungsinhalten","name":"Schulungsinhalten - PROPAGRI","isPartOf":{"@id":"https:\/\/propagri.eu\/fr\/#website"},"primaryImageOfPage":{"@id":"https:\/\/propagri.eu\/de\/schulungsinhalten#primaryimage"},"image":{"@id":"https:\/\/propagri.eu\/de\/schulungsinhalten#primaryimage"},"thumbnailUrl":"https:\/\/propagri.eu\/wp-content\/uploads\/2024\/12\/PropAgri-Pedagogical-Framework_page-0001-768x1086.jpg","datePublished":"2024-11-26T12:21:53+00:00","dateModified":"2025-04-28T07:14:06+00:00","breadcrumb":{"@id":"https:\/\/propagri.eu\/de\/schulungsinhalten#breadcrumb"},"inLanguage":"de","potentialAction":[{"@type":"ReadAction","target":["https:\/\/propagri.eu\/de\/schulungsinhalten"]}]},{"@type":"ImageObject","inLanguage":"de","@id":"https:\/\/propagri.eu\/de\/schulungsinhalten#primaryimage","url":"https:\/\/propagri.eu\/wp-content\/uploads\/2024\/12\/PropAgri-Pedagogical-Framework_page-0001-768x1086.jpg","contentUrl":"https:\/\/propagri.eu\/wp-content\/uploads\/2024\/12\/PropAgri-Pedagogical-Framework_page-0001-768x1086.jpg"},{"@type":"BreadcrumbList","@id":"https:\/\/propagri.eu\/de\/schulungsinhalten#breadcrumb","itemListElement":[{"@type":"ListItem","position":1,"name":"Home","item":"https:\/\/propagri.eu\/de\/startseite"},{"@type":"ListItem","position":2,"name":"Schulungsinhalten"}]},{"@type":"WebSite","@id":"https:\/\/propagri.eu\/fr\/#website","url":"https:\/\/propagri.eu\/fr\/","name":"PROPAGRI","description":"","publisher":{"@id":"https:\/\/propagri.eu\/fr\/#organization"},"potentialAction":[{"@type":"SearchAction","target":{"@type":"EntryPoint","urlTemplate":"https:\/\/propagri.eu\/fr\/?s={search_term_string}"},"query-input":{"@type":"PropertyValueSpecification","valueRequired":true,"valueName":"search_term_string"}}],"inLanguage":"de"},{"@type":"Organization","@id":"https:\/\/propagri.eu\/fr\/#organization","name":"PROPAGRI","url":"https:\/\/propagri.eu\/fr\/","logo":{"@type":"ImageObject","inLanguage":"de","@id":"https:\/\/propagri.eu\/fr\/#\/schema\/logo\/image\/","url":"https:\/\/propagri.eu\/wp-content\/uploads\/2023\/02\/PROPAGRI-logo.png","contentUrl":"https:\/\/propagri.eu\/wp-content\/uploads\/2023\/02\/PROPAGRI-logo.png","width":1239,"height":305,"caption":"PROPAGRI"},"image":{"@id":"https:\/\/propagri.eu\/fr\/#\/schema\/logo\/image\/"}}]}},"_links":{"self":[{"href":"https:\/\/propagri.eu\/de\/wp-json\/wp\/v2\/pages\/1360","targetHints":{"allow":["GET"]}}],"collection":[{"href":"https:\/\/propagri.eu\/de\/wp-json\/wp\/v2\/pages"}],"about":[{"href":"https:\/\/propagri.eu\/de\/wp-json\/wp\/v2\/types\/page"}],"author":[{"embeddable":true,"href":"https:\/\/propagri.eu\/de\/wp-json\/wp\/v2\/users\/1"}],"replies":[{"embeddable":true,"href":"https:\/\/propagri.eu\/de\/wp-json\/wp\/v2\/comments?post=1360"}],"version-history":[{"count":1,"href":"https:\/\/propagri.eu\/de\/wp-json\/wp\/v2\/pages\/1360\/revisions"}],"predecessor-version":[{"id":1361,"href":"https:\/\/propagri.eu\/de\/wp-json\/wp\/v2\/pages\/1360\/revisions\/1361"}],"wp:attachment":[{"href":"https:\/\/propagri.eu\/de\/wp-json\/wp\/v2\/media?parent=1360"}],"curies":[{"name":"wp","href":"https:\/\/api.w.org\/{rel}","templated":true}]}}